{"id":1017,"date":"2023-06-28T00:26:52","date_gmt":"2023-06-28T00:26:52","guid":{"rendered":"https:\/\/ribfestgaspesien.com\/?page_id=1017"},"modified":"2025-07-09T13:26:25","modified_gmt":"2025-07-09T13:26:25","slug":"nos-commanditaires","status":"publish","type":"page","link":"https:\/\/ribfestgaspesien.com\/index.php\/nos-commanditaires\/","title":{"rendered":"Nos commanditaires"},"content":{"rendered":"<style>.kb-row-layout-id1017_430b3e-14 > .kt-row-column-wrap{align-content:start;}:where(.kb-row-layout-id1017_430b3e-14 > .kt-row-column-wrap) > .wp-block-kadence-column{justify-content:start;}.kb-row-layout-id1017_430b3e-14 > .kt-row-column-wrap{column-gap:var(--global-kb-gap-md, 2rem);row-gap:var(--global-kb-gap-md, 2rem);padding-top:var(--global-kb-spacing-xxl, 5rem);padding-bottom:var(--global-kb-spacing-sm, 1.5rem);grid-template-columns:minmax(0, 1fr);}.kb-row-layout-id1017_430b3e-14 > .kt-row-layout-overlay{opacity:0.30;}@media all and (max-width: 1024px){.kb-row-layout-id1017_430b3e-14 > .kt-row-column-wrap{grid-template-columns:minmax(0, 1fr);}}@media all and (max-width: 767px){.kb-row-layout-id1017_430b3e-14 > .kt-row-column-wrap{grid-template-columns:minmax(0, 1fr);}}<\/style><div class=\"kb-row-layout-wrap kb-row-layout-id1017_430b3e-14 alignnone wp-block-kadence-rowlayout\"><div class=\"kt-row-column-wrap kt-has-1-columns kt-row-layout-equal kt-tab-layout-inherit kt-mobile-layout-row kt-row-valign-top\">\n<style>.kadence-column1017_fee718-4f > .kt-inside-inner-col,.kadence-column1017_fee718-4f > .kt-inside-inner-col:before{border-top-left-radius:0px;border-top-right-radius:0px;border-bottom-right-radius:0px;border-bottom-left-radius:0px;}.kadence-column1017_fee718-4f > .kt-inside-inner-col{column-gap:var(--global-kb-gap-sm, 1rem);}.kadence-column1017_fee718-4f > .kt-inside-inner-col{flex-direction:column;}.kadence-column1017_fee718-4f > .kt-inside-inner-col > .aligncenter{width:100%;}.kadence-column1017_fee718-4f > .kt-inside-inner-col:before{opacity:0.3;}.kadence-column1017_fee718-4f{position:relative;}@media all and (max-width: 1024px){.kadence-column1017_fee718-4f > .kt-inside-inner-col{flex-direction:column;}}@media all and (max-width: 767px){.kadence-column1017_fee718-4f > .kt-inside-inner-col{flex-direction:column;}}<\/style>\n<div class=\"wp-block-kadence-column kadence-column1017_fee718-4f\"><div class=\"kt-inside-inner-col\"><style>.kb-row-layout-id1017_dcb5e6-be > .kt-row-column-wrap{align-content:start;}:where(.kb-row-layout-id1017_dcb5e6-be > .kt-row-column-wrap) > .wp-block-kadence-column{justify-content:start;}.kb-row-layout-id1017_dcb5e6-be > .kt-row-column-wrap{column-gap:var(--global-kb-gap-md, 2rem);row-gap:var(--global-kb-gap-md, 2rem);padding-top:var(--global-kb-spacing-5xl, 10rem);padding-bottom:var(--global-kb-spacing-sm, 1.5rem);grid-template-columns:minmax(0, 1fr);}.kb-row-layout-id1017_dcb5e6-be > .kt-row-layout-overlay{opacity:0.30;}@media all and (max-width: 1024px){.kb-row-layout-id1017_dcb5e6-be > .kt-row-column-wrap{grid-template-columns:minmax(0, 1fr);}}@media all and (max-width: 767px){.kb-row-layout-id1017_dcb5e6-be > .kt-row-column-wrap{grid-template-columns:minmax(0, 1fr);}}<\/style><div class=\"kb-row-layout-wrap kb-row-layout-id1017_dcb5e6-be alignnone wp-block-kadence-rowlayout\"><div class=\"kt-row-column-wrap kt-has-1-columns kt-row-layout-equal kt-tab-layout-inherit kt-mobile-layout-row kt-row-valign-top\">\n<style>.kadence-column1017_06ef83-6f > .kt-inside-inner-col,.kadence-column1017_06ef83-6f > .kt-inside-inner-col:before{border-top-left-radius:0px;border-top-right-radius:0px;border-bottom-right-radius:0px;border-bottom-left-radius:0px;}.kadence-column1017_06ef83-6f > .kt-inside-inner-col{column-gap:var(--global-kb-gap-sm, 1rem);}.kadence-column1017_06ef83-6f > .kt-inside-inner-col{flex-direction:column;}.kadence-column1017_06ef83-6f > .kt-inside-inner-col > .aligncenter{width:100%;}.kadence-column1017_06ef83-6f > .kt-inside-inner-col:before{opacity:0.3;}.kadence-column1017_06ef83-6f{position:relative;}@media all and (max-width: 1024px){.kadence-column1017_06ef83-6f > .kt-inside-inner-col{flex-direction:column;}}@media all and (max-width: 767px){.kadence-column1017_06ef83-6f > .kt-inside-inner-col{flex-direction:column;}}<\/style>\n<div class=\"wp-block-kadence-column kadence-column1017_06ef83-6f\"><div class=\"kt-inside-inner-col\">\n<h2 class=\"wp-block-heading has-text-align-center\">Merci \u00e0 nos commanditaires<\/h2>\n\n\n<div class=\"wp-block-image\">\n<figure class=\"aligncenter size-large\"><img fetchpriority=\"high\" decoding=\"async\" width=\"1024\" height=\"288\" src=\"https:\/\/ribfestgaspesien.com\/wp-content\/uploads\/2025\/07\/Comnaditaires_2025-1024x288.png\" alt=\"\" class=\"wp-image-1114\" srcset=\"https:\/\/ribfestgaspesien.com\/wp-content\/uploads\/2025\/07\/Comnaditaires_2025-1024x288.png 1024w, https:\/\/ribfestgaspesien.com\/wp-content\/uploads\/2025\/07\/Comnaditaires_2025-300x84.png 300w, https:\/\/ribfestgaspesien.com\/wp-content\/uploads\/2025\/07\/Comnaditaires_2025-768x216.png 768w, https:\/\/ribfestgaspesien.com\/wp-content\/uploads\/2025\/07\/Comnaditaires_2025-1536x432.png 1536w, https:\/\/ribfestgaspesien.com\/wp-content\/uploads\/2025\/07\/Comnaditaires_2025.png 1920w\" sizes=\"(max-width: 1024px) 100vw, 1024px\" \/><\/figure><\/div><\/div><\/div>\n\n<\/div><\/div><\/div><\/div>\n\n<\/div><\/div>\n\n<style>.kb-row-layout-id1017_1f800c-08 > .kt-row-column-wrap{align-content:start;}:where(.kb-row-layout-id1017_1f800c-08 > .kt-row-column-wrap) > .wp-block-kadence-column{justify-content:start;}.kb-row-layout-id1017_1f800c-08 > .kt-row-column-wrap{column-gap:var(--global-kb-gap-md, 2rem);row-gap:var(--global-kb-gap-md, 2rem);padding-top:var(--global-kb-spacing-sm, 1.5rem);padding-bottom:var(--global-kb-spacing-sm, 1.5rem);grid-template-columns:repeat(2, minmax(0, 1fr));}.kb-row-layout-id1017_1f800c-08 > .kt-row-layout-overlay{opacity:0.30;}@media all and (max-width: 1024px){.kb-row-layout-id1017_1f800c-08 > .kt-row-column-wrap{grid-template-columns:repeat(2, minmax(0, 1fr));}}@media all and (max-width: 767px){.kb-row-layout-id1017_1f800c-08 > .kt-row-column-wrap{grid-template-columns:minmax(0, 1fr);}}<\/style><div class=\"kb-row-layout-wrap kb-row-layout-id1017_1f800c-08 alignnone wp-block-kadence-rowlayout\"><div class=\"kt-row-column-wrap kt-has-2-columns kt-row-layout-equal kt-tab-layout-inherit kt-mobile-layout-row kt-row-valign-top\">\n<style>.kadence-column1017_bdb41e-50 > .kt-inside-inner-col,.kadence-column1017_bdb41e-50 > .kt-inside-inner-col:before{border-top-left-radius:0px;border-top-right-radius:0px;border-bottom-right-radius:0px;border-bottom-left-radius:0px;}.kadence-column1017_bdb41e-50 > .kt-inside-inner-col{column-gap:var(--global-kb-gap-sm, 1rem);}.kadence-column1017_bdb41e-50 > .kt-inside-inner-col{flex-direction:column;}.kadence-column1017_bdb41e-50 > .kt-inside-inner-col > .aligncenter{width:100%;}.kadence-column1017_bdb41e-50 > .kt-inside-inner-col:before{opacity:0.3;}.kadence-column1017_bdb41e-50{position:relative;}@media all and (max-width: 1024px){.kadence-column1017_bdb41e-50 > .kt-inside-inner-col{flex-direction:column;}}@media all and (max-width: 767px){.kadence-column1017_bdb41e-50 > .kt-inside-inner-col{flex-direction:column;}}<\/style>\n<div class=\"wp-block-kadence-column kadence-column1017_bdb41e-50\"><div class=\"kt-inside-inner-col\">\n<p class=\"has-text-align-right\">\u00c0 venir<\/p>\n<\/div><\/div>\n\n\n<style>.kadence-column1017_43982c-5a > .kt-inside-inner-col,.kadence-column1017_43982c-5a > .kt-inside-inner-col:before{border-top-left-radius:0px;border-top-right-radius:0px;border-bottom-right-radius:0px;border-bottom-left-radius:0px;}.kadence-column1017_43982c-5a > .kt-inside-inner-col{column-gap:var(--global-kb-gap-sm, 1rem);}.kadence-column1017_43982c-5a > .kt-inside-inner-col{flex-direction:column;}.kadence-column1017_43982c-5a > .kt-inside-inner-col > .aligncenter{width:100%;}.kadence-column1017_43982c-5a > .kt-inside-inner-col:before{opacity:0.3;}.kadence-column1017_43982c-5a{position:relative;}@media all and (max-width: 1024px){.kadence-column1017_43982c-5a > .kt-inside-inner-col{flex-direction:column;}}@media all and (max-width: 767px){.kadence-column1017_43982c-5a > .kt-inside-inner-col{flex-direction:column;}}<\/style>\n<div class=\"wp-block-kadence-column kadence-column1017_43982c-5a\"><div class=\"kt-inside-inner-col\">\n<p>\u00c0 venir<\/p>\n<\/div><\/div>\n\n<\/div><\/div>\n\n<style>.kb-row-layout-id1017_5dc1bd-e4 > .kt-row-column-wrap{align-content:start;}:where(.kb-row-layout-id1017_5dc1bd-e4 > .kt-row-column-wrap) > .wp-block-kadence-column{justify-content:start;}.kb-row-layout-id1017_5dc1bd-e4 > .kt-row-column-wrap{column-gap:var(--global-kb-gap-md, 2rem);row-gap:var(--global-kb-gap-md, 2rem);padding-top:var(--global-kb-spacing-sm, 1.5rem);padding-bottom:var(--global-kb-spacing-sm, 1.5rem);grid-template-columns:repeat(3, minmax(0, 1fr));}.kb-row-layout-id1017_5dc1bd-e4 > .kt-row-layout-overlay{opacity:0.30;}@media all and (max-width: 1024px){.kb-row-layout-id1017_5dc1bd-e4 > .kt-row-column-wrap{grid-template-columns:repeat(3, minmax(0, 1fr));}}@media all and (max-width: 767px){.kb-row-layout-id1017_5dc1bd-e4 > .kt-row-column-wrap{grid-template-columns:minmax(0, 1fr);}}<\/style><div class=\"kb-row-layout-wrap kb-row-layout-id1017_5dc1bd-e4 alignnone wp-block-kadence-rowlayout\"><div class=\"kt-row-column-wrap kt-has-3-columns kt-row-layout-equal kt-tab-layout-inherit kt-mobile-layout-row kt-row-valign-top\">\n<style>.kadence-column1017_f785a4-31 > .kt-inside-inner-col,.kadence-column1017_f785a4-31 > .kt-inside-inner-col:before{border-top-left-radius:0px;border-top-right-radius:0px;border-bottom-right-radius:0px;border-bottom-left-radius:0px;}.kadence-column1017_f785a4-31 > .kt-inside-inner-col{column-gap:var(--global-kb-gap-sm, 1rem);}.kadence-column1017_f785a4-31 > .kt-inside-inner-col{flex-direction:column;}.kadence-column1017_f785a4-31 > .kt-inside-inner-col > .aligncenter{width:100%;}.kadence-column1017_f785a4-31 > .kt-inside-inner-col:before{opacity:0.3;}.kadence-column1017_f785a4-31{position:relative;}@media all and (max-width: 1024px){.kadence-column1017_f785a4-31 > .kt-inside-inner-col{flex-direction:column;}}@media all and (max-width: 767px){.kadence-column1017_f785a4-31 > .kt-inside-inner-col{flex-direction:column;}}<\/style>\n<div class=\"wp-block-kadence-column kadence-column1017_f785a4-31\"><div class=\"kt-inside-inner-col\"><\/div><\/div>\n\n\n<style>.kadence-column1017_afcf9b-5b > .kt-inside-inner-col,.kadence-column1017_afcf9b-5b > .kt-inside-inner-col:before{border-top-left-radius:0px;border-top-right-radius:0px;border-bottom-right-radius:0px;border-bottom-left-radius:0px;}.kadence-column1017_afcf9b-5b > .kt-inside-inner-col{column-gap:var(--global-kb-gap-sm, 1rem);}.kadence-column1017_afcf9b-5b > .kt-inside-inner-col{flex-direction:column;}.kadence-column1017_afcf9b-5b > .kt-inside-inner-col > .aligncenter{width:100%;}.kadence-column1017_afcf9b-5b > .kt-inside-inner-col:before{opacity:0.3;}.kadence-column1017_afcf9b-5b{position:relative;}@media all and (max-width: 1024px){.kadence-column1017_afcf9b-5b > .kt-inside-inner-col{flex-direction:column;}}@media all and (max-width: 767px){.kadence-column1017_afcf9b-5b > .kt-inside-inner-col{flex-direction:column;}}<\/style>\n<div class=\"wp-block-kadence-column kadence-column1017_afcf9b-5b\"><div class=\"kt-inside-inner-col\"><\/div><\/div>\n\n\n<style>.kadence-column1017_6bd0fc-b4 > .kt-inside-inner-col,.kadence-column1017_6bd0fc-b4 > .kt-inside-inner-col:before{border-top-left-radius:0px;border-top-right-radius:0px;border-bottom-right-radius:0px;border-bottom-left-radius:0px;}.kadence-column1017_6bd0fc-b4 > .kt-inside-inner-col{column-gap:var(--global-kb-gap-sm, 1rem);}.kadence-column1017_6bd0fc-b4 > .kt-inside-inner-col{flex-direction:column;}.kadence-column1017_6bd0fc-b4 > .kt-inside-inner-col > .aligncenter{width:100%;}.kadence-column1017_6bd0fc-b4 > .kt-inside-inner-col:before{opacity:0.3;}.kadence-column1017_6bd0fc-b4{position:relative;}@media all and (max-width: 1024px){.kadence-column1017_6bd0fc-b4 > .kt-inside-inner-col{flex-direction:column;}}@media all and (max-width: 767px){.kadence-column1017_6bd0fc-b4 > .kt-inside-inner-col{flex-direction:column;}}<\/style>\n<div class=\"wp-block-kadence-column kadence-column1017_6bd0fc-b4\"><div class=\"kt-inside-inner-col\"><\/div><\/div>\n\n<\/div><\/div>","protected":false},"excerpt":{"rendered":"<p>Merci \u00e0 nos commanditaires \u00c0 venir \u00c0 venir<\/p>\n","protected":false},"author":3,"featured_media":0,"parent":0,"menu_order":0,"comment_status":"closed","ping_status":"closed","template":"","meta":{"_EventAllDay":false,"_EventTimezone":"","_EventStartDate":"","_EventEndDate":"","_EventStartDateUTC":"","_EventEndDateUTC":"","_EventShowMap":false,"_EventShowMapLink":false,"_EventURL":"","_EventCost":"","_EventCostDescription":"","_EventCurrencySymbol":"","_EventCurrencyCode":"","_EventCurrencyPosition":"","_EventDateTimeSeparator":"","_EventTimeRangeSeparator":"","_EventOrganizerID":[],"_EventVenueID":[],"_OrganizerEmail":"","_OrganizerPhone":"","_OrganizerWebsite":"","_VenueAddress":"","_VenueCity":"","_VenueCountry":"","_VenueProvince":"","_VenueState":"","_VenueZip":"","_VenuePhone":"","_VenueURL":"","_VenueStateProvince":"","_VenueLat":"","_VenueLng":"","_VenueShowMap":false,"_VenueShowMapLink":false,"_kadence_starter_templates_imported_post":false,"_kad_post_transparent":"","_kad_post_title":"hide","_kad_post_layout":"fullwidth","_kad_post_sidebar_id":"","_kad_post_content_style":"unboxed","_kad_post_vertical_padding":"hide","_kad_post_feature":"hide","_kad_post_feature_position":"","_kad_post_header":false,"_kad_post_footer":false,"footnotes":""},"class_list":["post-1017","page","type-page","status-publish","hentry"],"_links":{"self":[{"href":"https:\/\/ribfestgaspesien.com\/index.php\/wp-json\/wp\/v2\/pages\/1017","targetHints":{"allow":["GET"]}}],"collection":[{"href":"https:\/\/ribfestgaspesien.com\/index.php\/wp-json\/wp\/v2\/pages"}],"about":[{"href":"https:\/\/ribfestgaspesien.com\/index.php\/wp-json\/wp\/v2\/types\/page"}],"author":[{"embeddable":true,"href":"https:\/\/ribfestgaspesien.com\/index.php\/wp-json\/wp\/v2\/users\/3"}],"replies":[{"embeddable":true,"href":"https:\/\/ribfestgaspesien.com\/index.php\/wp-json\/wp\/v2\/comments?post=1017"}],"version-history":[{"count":9,"href":"https:\/\/ribfestgaspesien.com\/index.php\/wp-json\/wp\/v2\/pages\/1017\/revisions"}],"predecessor-version":[{"id":1125,"href":"https:\/\/ribfestgaspesien.com\/index.php\/wp-json\/wp\/v2\/pages\/1017\/revisions\/1125"}],"wp:attachment":[{"href":"https:\/\/ribfestgaspesien.com\/index.php\/wp-json\/wp\/v2\/media?parent=1017"}],"curies":[{"name":"wp","href":"https:\/\/api.w.org\/{rel}","templated":true}]}}