{"id":675,"date":"2021-11-06T02:18:13","date_gmt":"2021-11-06T02:18:13","guid":{"rendered":"https:\/\/stage.startertemplatecloud.com\/e20\/?page_id=675"},"modified":"2025-07-15T20:17:14","modified_gmt":"2025-07-15T20:17:14","slug":"pricing","status":"publish","type":"page","link":"https:\/\/ribfestgaspesien.com\/index.php\/pricing\/","title":{"rendered":"Spectacles"},"content":{"rendered":"<style>.kb-row-layout-wrap.wp-block-kadence-rowlayout.kb-row-layout-id675_5dc522-80{margin-top:0px;margin-bottom:0px;}.kb-row-layout-id675_5dc522-80 > .kt-row-column-wrap{align-content:start;}:where(.kb-row-layout-id675_5dc522-80 > .kt-row-column-wrap) > .wp-block-kadence-column{justify-content:start;}.kb-row-layout-id675_5dc522-80 > .kt-row-column-wrap{column-gap:var(--global-kb-gap-none, 0rem );row-gap:var(--global-kb-gap-none, 0rem );max-width:1140px;margin-left:auto;margin-right:auto;padding-top:0px;padding-right:0px;padding-bottom:0px;padding-left:0px;grid-template-columns:minmax(0, 1fr);}.kb-row-layout-id675_5dc522-80 > .kt-row-layout-overlay{opacity:0.15;background-image:url('https:\/\/ribfestgaspesien.com\/wp-content\/uploads\/sites\/50\/2021\/09\/pexels-\u7adf\u50b2-\u6c64-4447735.jpg');background-size:cover;background-position:center center;background-attachment:scroll;background-repeat:no-repeat;mix-blend-mode:luminosity;}@media all and (max-width: 1024px){.kb-row-layout-id675_5dc522-80 > .kt-row-column-wrap{padding-right:0px;padding-left:0px;grid-template-columns:minmax(0, 1fr);}}@media all and (max-width: 767px){.kb-row-layout-id675_5dc522-80 > .kt-row-column-wrap{padding-top:100px;padding-right:20px;padding-bottom:30px;padding-left:20px;grid-template-columns:minmax(0, 1fr);}}<\/style><div class=\"kb-row-layout-wrap kb-row-layout-id675_5dc522-80 alignnone kt-row-has-bg wp-block-kadence-rowlayout\"><div class=\"kt-row-layout-overlay kt-row-overlay-normal\"><\/div><div class=\"kt-row-column-wrap kt-has-1-columns kt-row-layout-equal kt-tab-layout-inherit kt-mobile-layout-row kt-row-valign-top\">\n<style>.kadence-column675_4f07c2-68 > .kt-inside-inner-col{padding-top:0px;padding-right:0px;padding-bottom:0px;padding-left:0px;}.kadence-column675_4f07c2-68 > .kt-inside-inner-col,.kadence-column675_4f07c2-68 > .kt-inside-inner-col:before{border-top-left-radius:0px;border-top-right-radius:0px;border-bottom-right-radius:0px;border-bottom-left-radius:0px;}.kadence-column675_4f07c2-68 > .kt-inside-inner-col{column-gap:var(--global-kb-gap-sm, 1rem);}.kadence-column675_4f07c2-68 > .kt-inside-inner-col{flex-direction:column;}.kadence-column675_4f07c2-68 > .kt-inside-inner-col > .aligncenter{width:100%;}.kadence-column675_4f07c2-68 > .kt-inside-inner-col:before{opacity:0.3;}.kadence-column675_4f07c2-68{position:relative;}@media all and (max-width: 1024px){.kadence-column675_4f07c2-68 > .kt-inside-inner-col{flex-direction:column;}}@media all and (max-width: 767px){.kadence-column675_4f07c2-68 > .kt-inside-inner-col{flex-direction:column;}}<\/style>\n<div class=\"wp-block-kadence-column kadence-column675_4f07c2-68 inner-column-1\"><div class=\"kt-inside-inner-col\"><style>.kb-row-layout-wrap.wp-block-kadence-rowlayout.kb-row-layout-id675_326e6a-47{margin-top:0px;margin-bottom:0px;}.kb-row-layout-id675_326e6a-47 > .kt-row-column-wrap{align-content:start;}:where(.kb-row-layout-id675_326e6a-47 > .kt-row-column-wrap) > .wp-block-kadence-column{justify-content:start;}.kb-row-layout-id675_326e6a-47 > .kt-row-column-wrap{column-gap:var(--global-kb-gap-none, 0rem );row-gap:var(--global-kb-gap-none, 0rem );max-width:500px;margin-left:auto;margin-right:auto;padding-top:0px;padding-right:0px;padding-bottom:0px;padding-left:0px;grid-template-columns:minmax(0, 1fr);}.kb-row-layout-id675_326e6a-47 > .kt-row-layout-overlay{opacity:0.30;}@media all and (max-width: 1024px){.kb-row-layout-id675_326e6a-47 > .kt-row-column-wrap{grid-template-columns:minmax(0, 1fr);}}@media all and (max-width: 767px){.kb-row-layout-id675_326e6a-47 > .kt-row-column-wrap{grid-template-columns:minmax(0, 1fr);}}<\/style><div class=\"kb-row-layout-wrap kb-row-layout-id675_326e6a-47 alignnone wp-block-kadence-rowlayout\"><div class=\"kt-row-column-wrap kt-has-1-columns kt-row-layout-equal kt-tab-layout-inherit kt-mobile-layout-row kt-row-valign-top\">\n<style>.kadence-column675_8d27db-e2 > .kt-inside-inner-col{padding-top:10px;padding-right:10px;padding-bottom:10px;padding-left:10px;}.kadence-column675_8d27db-e2 > .kt-inside-inner-col,.kadence-column675_8d27db-e2 > .kt-inside-inner-col:before{border-top-left-radius:0px;border-top-right-radius:0px;border-bottom-right-radius:0px;border-bottom-left-radius:0px;}.kadence-column675_8d27db-e2 > .kt-inside-inner-col{column-gap:var(--global-kb-gap-sm, 1rem);}.kadence-column675_8d27db-e2 > .kt-inside-inner-col{flex-direction:column;}.kadence-column675_8d27db-e2 > .kt-inside-inner-col > .aligncenter{width:100%;}.kadence-column675_8d27db-e2 > .kt-inside-inner-col:before{opacity:0.3;}.kadence-column675_8d27db-e2{position:relative;}@media all and (max-width: 1024px){.kadence-column675_8d27db-e2 > .kt-inside-inner-col{flex-direction:column;}}@media all and (max-width: 767px){.kadence-column675_8d27db-e2 > .kt-inside-inner-col{flex-direction:column;}}<\/style>\n<div class=\"wp-block-kadence-column kadence-column675_8d27db-e2 inner-column-1\"><div class=\"kt-inside-inner-col\"><style>.wp-block-kadence-advancedheading.kt-adv-heading675_dda371-ef, .wp-block-kadence-advancedheading.kt-adv-heading675_dda371-ef[data-kb-block=\"kb-adv-heading675_dda371-ef\"]{margin-top:0px;margin-right:0px;margin-bottom:20px;margin-left:0px;text-align:center;line-height:1em;font-style:normal;}.wp-block-kadence-advancedheading.kt-adv-heading675_dda371-ef mark, .wp-block-kadence-advancedheading.kt-adv-heading675_dda371-ef[data-kb-block=\"kb-adv-heading675_dda371-ef\"] mark{font-style:normal;color:#f76a0c;padding-top:0px;padding-right:0px;padding-bottom:0px;padding-left:0px;}@media all and (max-width: 1024px){.wp-block-kadence-advancedheading.kt-adv-heading675_dda371-ef, .wp-block-kadence-advancedheading.kt-adv-heading675_dda371-ef[data-kb-block=\"kb-adv-heading675_dda371-ef\"]{margin-bottom:17px;}}@media all and (max-width: 767px){.wp-block-kadence-advancedheading.kt-adv-heading675_dda371-ef, .wp-block-kadence-advancedheading.kt-adv-heading675_dda371-ef[data-kb-block=\"kb-adv-heading675_dda371-ef\"]{margin-bottom:30px;}}<\/style>\n<h1 class=\"kt-adv-heading675_dda371-ef wp-block-kadence-advancedheading\" data-kb-block=\"kb-adv-heading675_dda371-ef\"><br><br><\/h1>\n\n\n\n<p><\/p>\n\n\n\n<p><\/p>\n\n\n\n<p><\/p>\n<\/div><\/div>\n\n<\/div><\/div><\/div><\/div>\n\n<\/div><\/div>\n\n<style>.kb-row-layout-wrap.wp-block-kadence-rowlayout.kb-row-layout-id675_1422d8-a9{margin-top:0px;margin-bottom:0px;}.kb-row-layout-id675_1422d8-a9 > .kt-row-column-wrap{align-content:start;}:where(.kb-row-layout-id675_1422d8-a9 > .kt-row-column-wrap) > .wp-block-kadence-column{justify-content:start;}.kb-row-layout-id675_1422d8-a9 > .kt-row-column-wrap{column-gap:var(--global-kb-gap-none, 0rem );row-gap:var(--global-kb-gap-none, 0rem );max-width:1140px;margin-left:auto;margin-right:auto;padding-top:0px;padding-right:0px;padding-bottom:0px;padding-left:0px;grid-template-columns:minmax(0, 1fr);}.kb-row-layout-id675_1422d8-a9 > .kt-row-layout-overlay{opacity:0.30;}@media all and (max-width: 1024px){.kb-row-layout-id675_1422d8-a9 > .kt-row-column-wrap{grid-template-columns:minmax(0, 1fr);}}@media all and (max-width: 767px){.kb-row-layout-id675_1422d8-a9 > .kt-row-column-wrap{grid-template-columns:minmax(0, 1fr);}}<\/style><div class=\"kb-row-layout-wrap kb-row-layout-id675_1422d8-a9 alignnone wp-block-kadence-rowlayout\"><div class=\"kt-row-column-wrap kt-has-1-columns kt-row-layout-equal kt-tab-layout-inherit kt-mobile-layout-row kt-row-valign-top\">\n<style>.kadence-column675_d7e0d7-d3 > .kt-inside-inner-col,.kadence-column675_d7e0d7-d3 > .kt-inside-inner-col:before{border-top-left-radius:0px;border-top-right-radius:0px;border-bottom-right-radius:0px;border-bottom-left-radius:0px;}.kadence-column675_d7e0d7-d3 > .kt-inside-inner-col{column-gap:var(--global-kb-gap-sm, 1rem);}.kadence-column675_d7e0d7-d3 > .kt-inside-inner-col{flex-direction:column;}.kadence-column675_d7e0d7-d3 > .kt-inside-inner-col > .aligncenter{width:100%;}.kadence-column675_d7e0d7-d3 > .kt-inside-inner-col:before{opacity:0.3;}.kadence-column675_d7e0d7-d3{position:relative;}@media all and (max-width: 1024px){.kadence-column675_d7e0d7-d3 > .kt-inside-inner-col{flex-direction:column;}}@media all and (max-width: 767px){.kadence-column675_d7e0d7-d3 > .kt-inside-inner-col{flex-direction:column;}}<\/style>\n<div class=\"wp-block-kadence-column kadence-column675_d7e0d7-d3 inner-column-1\"><div class=\"kt-inside-inner-col\"><\/div><\/div>\n\n<\/div><\/div>\n\n<style>.kb-row-layout-wrap.wp-block-kadence-rowlayout.kb-row-layout-id675_600525-2d{margin-top:0px;margin-bottom:0px;}.kb-row-layout-id675_600525-2d > .kt-row-column-wrap{align-content:start;}:where(.kb-row-layout-id675_600525-2d > .kt-row-column-wrap) > .wp-block-kadence-column{justify-content:start;}.kb-row-layout-id675_600525-2d > .kt-row-column-wrap{column-gap:var(--global-kb-gap-none, 0rem );row-gap:var(--global-kb-gap-none, 0rem );max-width:1140px;margin-left:auto;margin-right:auto;padding-top:80px;padding-right:0px;padding-bottom:0px;padding-left:0px;grid-template-columns:minmax(0, 1fr);}.kb-row-layout-id675_600525-2d > .kt-row-layout-overlay{opacity:0.30;}@media all and (max-width: 1024px){.kb-row-layout-id675_600525-2d > .kt-row-column-wrap{padding-top:70px;padding-right:20px;padding-bottom:0px;padding-left:20px;grid-template-columns:minmax(0, 1fr);}}@media all and (max-width: 767px){.kb-row-layout-id675_600525-2d > .kt-row-column-wrap{padding-top:50px;padding-right:0px;padding-bottom:10px;padding-left:0px;grid-template-columns:minmax(0, 1fr);}}<\/style><div class=\"kb-row-layout-wrap kb-row-layout-id675_600525-2d alignnone has-theme-palette8-background-color kt-row-has-bg wp-block-kadence-rowlayout\"><div class=\"kt-row-column-wrap kt-has-1-columns kt-row-layout-equal kt-tab-layout-inherit kt-mobile-layout-row kt-row-valign-top\">\n<style>.kadence-column675_c6ac65-0c > .kt-inside-inner-col{padding-top:10px;padding-right:10px;padding-bottom:10px;padding-left:10px;}.kadence-column675_c6ac65-0c > .kt-inside-inner-col,.kadence-column675_c6ac65-0c > .kt-inside-inner-col:before{border-top-left-radius:0px;border-top-right-radius:0px;border-bottom-right-radius:0px;border-bottom-left-radius:0px;}.kadence-column675_c6ac65-0c > .kt-inside-inner-col{column-gap:var(--global-kb-gap-sm, 1rem);}.kadence-column675_c6ac65-0c > .kt-inside-inner-col{flex-direction:column;}.kadence-column675_c6ac65-0c > .kt-inside-inner-col > .aligncenter{width:100%;}.kadence-column675_c6ac65-0c > .kt-inside-inner-col:before{opacity:0.3;}.kadence-column675_c6ac65-0c{position:relative;}@media all and (max-width: 1024px){.kadence-column675_c6ac65-0c > .kt-inside-inner-col{flex-direction:column;}}@media all and (max-width: 767px){.kadence-column675_c6ac65-0c > .kt-inside-inner-col{flex-direction:column;}}<\/style>\n<div class=\"wp-block-kadence-column kadence-column675_c6ac65-0c inner-column-1\"><div class=\"kt-inside-inner-col\"><style>.kb-row-layout-wrap.wp-block-kadence-rowlayout.kb-row-layout-id675_76bb0c-53{margin-top:0px;margin-bottom:0px;}.kb-row-layout-id675_76bb0c-53 > .kt-row-column-wrap{align-content:start;}:where(.kb-row-layout-id675_76bb0c-53 > .kt-row-column-wrap) > .wp-block-kadence-column{justify-content:start;}.kb-row-layout-id675_76bb0c-53 > .kt-row-column-wrap{column-gap:var(--global-kb-gap-none, 0rem );row-gap:var(--global-kb-gap-none, 0rem );max-width:500px;margin-left:auto;margin-right:auto;padding-top:0px;padding-right:0px;padding-bottom:0px;padding-left:0px;grid-template-columns:minmax(0, 1fr);}.kb-row-layout-id675_76bb0c-53 > .kt-row-layout-overlay{opacity:0.30;}@media all and (max-width: 1024px){.kb-row-layout-id675_76bb0c-53 > .kt-row-column-wrap{grid-template-columns:minmax(0, 1fr);}}@media all and (max-width: 767px){.kb-row-layout-id675_76bb0c-53 > .kt-row-column-wrap{grid-template-columns:minmax(0, 1fr);}}<\/style><div class=\"kb-row-layout-wrap kb-row-layout-id675_76bb0c-53 alignnone wp-block-kadence-rowlayout\"><div class=\"kt-row-column-wrap kt-has-1-columns kt-row-layout-equal kt-tab-layout-inherit kt-mobile-layout-row kt-row-valign-top\">\n<style>.kadence-column675_1d931d-c9 > .kt-inside-inner-col{padding-top:10px;padding-right:10px;padding-bottom:10px;padding-left:10px;}.kadence-column675_1d931d-c9 > .kt-inside-inner-col,.kadence-column675_1d931d-c9 > .kt-inside-inner-col:before{border-top-left-radius:0px;border-top-right-radius:0px;border-bottom-right-radius:0px;border-bottom-left-radius:0px;}.kadence-column675_1d931d-c9 > .kt-inside-inner-col{column-gap:var(--global-kb-gap-sm, 1rem);}.kadence-column675_1d931d-c9 > .kt-inside-inner-col{flex-direction:column;}.kadence-column675_1d931d-c9 > .kt-inside-inner-col > .aligncenter{width:100%;}.kadence-column675_1d931d-c9 > .kt-inside-inner-col:before{opacity:0.3;}.kadence-column675_1d931d-c9{position:relative;}@media all and (max-width: 1024px){.kadence-column675_1d931d-c9 > .kt-inside-inner-col{flex-direction:column;}}@media all and (max-width: 767px){.kadence-column675_1d931d-c9 > .kt-inside-inner-col{flex-direction:column;}}<\/style>\n<div class=\"wp-block-kadence-column kadence-column675_1d931d-c9 inner-column-1\"><div class=\"kt-inside-inner-col\"><style>.wp-block-kadence-advancedheading.kt-adv-heading675_bd75e4-46, .wp-block-kadence-advancedheading.kt-adv-heading675_bd75e4-46[data-kb-block=\"kb-adv-heading675_bd75e4-46\"]{margin-top:0px;margin-right:0px;margin-bottom:31px;margin-left:0px;text-align:center;line-height:1em;font-style:normal;}.wp-block-kadence-advancedheading.kt-adv-heading675_bd75e4-46 mark, .wp-block-kadence-advancedheading.kt-adv-heading675_bd75e4-46[data-kb-block=\"kb-adv-heading675_bd75e4-46\"] mark{font-style:normal;color:#f76a0c;padding-top:0px;padding-right:0px;padding-bottom:0px;padding-left:0px;}<\/style>\n<h2 class=\"kt-adv-heading675_bd75e4-46 wp-block-kadence-advancedheading\" data-kb-block=\"kb-adv-heading675_bd75e4-46\">Horaire des spectacles:<br><\/h2>\n\n\n<style>.wp-block-kadence-advancedheading.kt-adv-heading675_30481d-d0, .wp-block-kadence-advancedheading.kt-adv-heading675_30481d-d0[data-kb-block=\"kb-adv-heading675_30481d-d0\"]{text-align:center;font-style:normal;}.wp-block-kadence-advancedheading.kt-adv-heading675_30481d-d0 mark, .wp-block-kadence-advancedheading.kt-adv-heading675_30481d-d0[data-kb-block=\"kb-adv-heading675_30481d-d0\"] mark{font-style:normal;color:#f76a0c;padding-top:0px;padding-right:0px;padding-bottom:0px;padding-left:0px;}<\/style>\n<p class=\"kt-adv-heading675_30481d-d0 wp-block-kadence-advancedheading\" data-kb-block=\"kb-adv-heading675_30481d-d0\">L&rsquo;horaire pourrait \u00eatre modifi\u00e9 sans pr\u00e9avis.<\/p>\n<\/div><\/div>\n\n\n<style>.kadence-column675_40878b-34 > .kt-inside-inner-col,.kadence-column675_40878b-34 > .kt-inside-inner-col:before{border-top-left-radius:0px;border-top-right-radius:0px;border-bottom-right-radius:0px;border-bottom-left-radius:0px;}.kadence-column675_40878b-34 > .kt-inside-inner-col{column-gap:var(--global-kb-gap-sm, 1rem);}.kadence-column675_40878b-34 > .kt-inside-inner-col{flex-direction:column;}.kadence-column675_40878b-34 > .kt-inside-inner-col > .aligncenter{width:100%;}.kadence-column675_40878b-34 > .kt-inside-inner-col:before{opacity:0.3;}.kadence-column675_40878b-34{position:relative;}@media all and (max-width: 1024px){.kadence-column675_40878b-34 > .kt-inside-inner-col{flex-direction:column;}}@media all and (max-width: 767px){.kadence-column675_40878b-34 > .kt-inside-inner-col{flex-direction:column;}}<\/style>\n<div class=\"wp-block-kadence-column kadence-column675_40878b-34\"><div class=\"kt-inside-inner-col\">\n<p class=\"has-text-align-center\"><br>V<strong>endredi 18 juillet<\/strong><br>17 h 30 Les Old Dogs<br>21 h 00 David Pineau<br><br><strong>Samedi 19 juillet<\/strong><br>12 h 30 Roger Roger<br>17 h 45 Tommy et Fran\u00e7ois<br>19 h 30 Monster Of Rock<br>21 h 00. Hommage \u00e0 Scorpion<br><br><strong>Dimanche 20 juillet<\/strong><br>12 h 00 Tammy Adams<br>14 h 45 Antics RoadShow<br><br><\/p>\n<\/div><\/div>\n\n<\/div><\/div><\/div><\/div>\n\n<\/div><\/div>","protected":false},"excerpt":{"rendered":"<p>Horaire des spectacles: L&rsquo;horaire pourrait \u00eatre modifi\u00e9 sans pr\u00e9avis. Vendredi 18 juillet17 h 30 Les Old Dogs21 h 00 David Pineau Samedi 19 juillet12 h 30 Roger Roger17 h 45&#8230;<\/p>\n","protected":false},"author":3,"featured_media":873,"parent":0,"menu_order":0,"comment_status":"closed","ping_status":"closed","template":"","meta":{"_EventAllDay":false,"_EventTimezone":"","_EventStartDate":"","_EventEndDate":"","_EventStartDateUTC":"","_EventEndDateUTC":"","_EventShowMap":false,"_EventShowMapLink":false,"_EventURL":"","_EventCost":"","_EventCostDescription":"","_EventCurrencySymbol":"","_EventCurrencyCode":"","_EventCurrencyPosition":"","_EventDateTimeSeparator":"","_EventTimeRangeSeparator":"","_EventOrganizerID":[],"_EventVenueID":[],"_OrganizerEmail":"","_OrganizerPhone":"","_OrganizerWebsite":"","_VenueAddress":"","_VenueCity":"","_VenueCountry":"","_VenueProvince":"","_VenueState":"","_VenueZip":"","_VenuePhone":"","_VenueURL":"","_VenueStateProvince":"","_VenueLat":"","_VenueLng":"","_VenueShowMap":false,"_VenueShowMapLink":false,"_kadence_starter_templates_imported_post":true,"_kad_post_transparent":"","_kad_post_title":"hide","_kad_post_layout":"fullwidth","_kad_post_sidebar_id":"","_kad_post_content_style":"unboxed","_kad_post_vertical_padding":"hide","_kad_post_feature":"hide","_kad_post_feature_position":"","_kad_post_header":false,"_kad_post_footer":false,"footnotes":""},"class_list":["post-675","page","type-page","status-publish","has-post-thumbnail","hentry"],"_links":{"self":[{"href":"https:\/\/ribfestgaspesien.com\/index.php\/wp-json\/wp\/v2\/pages\/675","targetHints":{"allow":["GET"]}}],"collection":[{"href":"https:\/\/ribfestgaspesien.com\/index.php\/wp-json\/wp\/v2\/pages"}],"about":[{"href":"https:\/\/ribfestgaspesien.com\/index.php\/wp-json\/wp\/v2\/types\/page"}],"author":[{"embeddable":true,"href":"https:\/\/ribfestgaspesien.com\/index.php\/wp-json\/wp\/v2\/users\/3"}],"replies":[{"embeddable":true,"href":"https:\/\/ribfestgaspesien.com\/index.php\/wp-json\/wp\/v2\/comments?post=675"}],"version-history":[{"count":16,"href":"https:\/\/ribfestgaspesien.com\/index.php\/wp-json\/wp\/v2\/pages\/675\/revisions"}],"predecessor-version":[{"id":1135,"href":"https:\/\/ribfestgaspesien.com\/index.php\/wp-json\/wp\/v2\/pages\/675\/revisions\/1135"}],"wp:featuredmedia":[{"embeddable":true,"href":"https:\/\/ribfestgaspesien.com\/index.php\/wp-json\/wp\/v2\/media\/873"}],"wp:attachment":[{"href":"https:\/\/ribfestgaspesien.com\/index.php\/wp-json\/wp\/v2\/media?parent=675"}],"curies":[{"name":"wp","href":"https:\/\/api.w.org\/{rel}","templated":true}]}}